{"id":63,"date":"2015-03-24T12:02:19","date_gmt":"2015-03-24T11:02:19","guid":{"rendered":"http:\/\/www.specialverre.com\/?page_id=63"},"modified":"2025-01-28T14:57:07","modified_gmt":"2025-01-28T13:57:07","slug":"mentions-legales","status":"publish","type":"page","link":"https:\/\/www.specialverre.com\/site\/mentions-legales\/","title":{"rendered":"Mentions l\u00e9gales"},"content":{"rendered":"<h2>Informations l\u00e9gales<\/h2>\n<p>Le site <strong>www.specialverre.com<\/strong> que vous consultez actuellement est la propri\u00e9t\u00e9 de :<\/p>\n<p><strong>SP\u00c9CIAL VERRE SAS<\/strong><br \/>\n<strong> Adresse :<\/strong><br \/>\n1 Rue Amp\u00e8re<br \/>\n67118 Geispolsheim<\/p>\n<p><strong>SIRET <\/strong> 728 400 896 00037<br \/>\n<strong>Code NAF<\/strong> 2319Z<br \/>\n<strong>RC Strasbourg <\/strong> 73 B 359<br \/>\n<strong>TVA<\/strong> FR86 728 400 896<\/p>\n<p>Conception graphique, d\u00e9veloppement : Emmanuelle Dup\u00e9, <strong>A3Design<\/strong><\/p>\n<p>Ce site est h\u00e9berg\u00e9 par :\u00a0 OVH<\/p>\n<h2>Donn\u00e9es personnelles<\/h2>\n<p>Les informations que vous nous communiquez sont confidentielles et ne feront l\u2019objet d\u2019aucune commercialisation.<br \/>\nConform\u00e9ment \u00e0 la loi Informatique et Libert\u00e9s du 6 Janvier 1978, vous disposez d\u2019un droit d\u2019acc\u00e8s, de rectification, de modification et de suppression des donn\u00e9es personnelles que vous nous avez communiqu\u00e9es, que vous pouvez exercer en envoyant un courrier \u00e0 :<\/p>\n<p>SP\u00c9CIAL VERRE<br \/>\n1 Rue Amp\u00e8re<br \/>\n67118 Geispolsheim<\/p>\n<h2>Cookies<\/h2>\n<p>L\u2019utilisateur est inform\u00e9 que lors de ses visites sur notre site, un cookie peut s\u2019installer automatiquement sur son logiciel de navigation.<br \/>\nCe cookie ne permet pas d\u2019identifier l\u2019utilisateur mais sert \u00e0 enregistrer des informations relatives \u00e0 sa navigation sur le site.<br \/>\nL\u2019utilisateur a la possibilit\u00e9 de param\u00e9trer son logiciel de navigation de mani\u00e8re \u00e0 refuser les cookies.<\/p>\n<h2>Liens vers d\u2019autres sites<\/h2>\n<p>Notre site peut proposer des liens vers des sites Internet externes.<br \/>\nNous ne saurions \u00eatre tenu pour responsable du contenu de ces sites et de l\u2019usage qui pourra en \u00eatre fait par les utilisateurs.<\/p>\n<h2>Propri\u00e9t\u00e9 Intellectuelle<\/h2>\n<p>L\u2019acc\u00e8s au site www.specialverre.com vous conf\u00e8re un droit d\u2019usage priv\u00e9 et non exclusif de ce site.<\/p>\n<p>Les textes, photographies, graphiques ou autres types de contenu pr\u00e9sents sur ce site sont la propri\u00e9t\u00e9 de la soci\u00e9t\u00e9 Sp\u00e9cial Verre (sauf mention contraire), et sont soumis au droit d\u2019auteur et autres droits de la propri\u00e9t\u00e9 intellectuelle.<\/p>\n<p>Les photographies de soufflage de verre ont \u00e9t\u00e9 r\u00e9alis\u00e9es par Rapha\u00ebl Melka<\/p>\n<p>L\u2019utilisation non autoris\u00e9e de tout contenu pr\u00e9sent sur ce site internet est interdite, et pourra le cas \u00e9ch\u00e9ant donner lieu \u00e0 des poursuites judiciaires.<\/p>\n<h2>Accessibilit\u00e9 du site<\/h2>\n<p>Nous nous effor\u00e7ons de garantir aux internautes une accessibilit\u00e9 de notre site \u00e0 tout moment, mais nous ne saurions \u00eatre tenu pour responsable en cas d\u2019indisponibilit\u00e9 du site, quelle qu\u2019en soit la cause.<\/p>\n","protected":false},"excerpt":{"rendered":"<p>Informations l\u00e9gales Le site www.specialverre.com que vous consultez actuellement est la propri\u00e9t\u00e9 de : SP\u00c9CIAL VERRE SAS Adresse : 1 Rue Amp\u00e8re 67118 Geispolsheim SIRET 728 400 896 00037 Code NAF 2319Z RC Strasbourg 73 B 359 TVA FR86 728 400 896 Conception graphique, d\u00e9veloppement : Emmanuelle Dup\u00e9, A3Design Ce site est h\u00e9berg\u00e9 par :\u00a0 [&hellip;]<\/p>\n","protected":false},"author":1,"featured_media":0,"parent":0,"menu_order":0,"comment_status":"closed","ping_status":"open","template":"","meta":{"footnotes":""},"class_list":["post-63","page","type-page","status-publish","hentry"],"yoast_head":"<!-- This site is optimized with the Yoast SEO plugin v24.3 - https:\/\/yoast.com\/wordpress\/plugins\/seo\/ -->\n<title>Mentions l\u00e9gales - Sp\u00e9cial Verre<\/title>\n<meta name=\"description\" content=\"Mentions l\u00e9gales de la soci\u00e9t\u00e9 Special Verre \u00e0 Geispolsheim.\" \/>\n<meta name=\"robots\" content=\"index, follow, max-snippet:-1, max-image-preview:large, max-video-preview:-1\" \/>\n<link rel=\"canonical\" href=\"https:\/\/www.specialverre.com\/site\/mentions-legales\/\" \/>\n<meta property=\"og:locale\" content=\"fr_FR\" \/>\n<meta property=\"og:type\" content=\"article\" \/>\n<meta property=\"og:title\" content=\"Mentions l\u00e9gales - Sp\u00e9cial Verre\" \/>\n<meta property=\"og:description\" content=\"Mentions l\u00e9gales de la soci\u00e9t\u00e9 Special Verre \u00e0 Geispolsheim.\" \/>\n<meta property=\"og:url\" content=\"https:\/\/www.specialverre.com\/site\/mentions-legales\/\" \/>\n<meta property=\"og:site_name\" content=\"Sp\u00e9cial Verre\" \/>\n<meta property=\"article:modified_time\" content=\"2025-01-28T13:57:07+00:00\" \/>\n<meta name=\"twitter:card\" content=\"summary_large_image\" \/>\n<meta name=\"twitter:label1\" content=\"Dur\u00e9e de lecture estim\u00e9e\" \/>\n\t<meta name=\"twitter:data1\" content=\"2 minutes\" \/>\n<script type=\"application\/ld+json\" class=\"yoast-schema-graph\">{\"@context\":\"https:\/\/schema.org\",\"@graph\":[{\"@type\":\"WebPage\",\"@id\":\"https:\/\/www.specialverre.com\/site\/mentions-legales\/\",\"url\":\"https:\/\/www.specialverre.com\/site\/mentions-legales\/\",\"name\":\"Mentions l\u00e9gales - Sp\u00e9cial Verre\",\"isPartOf\":{\"@id\":\"https:\/\/www.specialverre.com\/site\/#website\"},\"datePublished\":\"2015-03-24T11:02:19+00:00\",\"dateModified\":\"2025-01-28T13:57:07+00:00\",\"description\":\"Mentions l\u00e9gales de la soci\u00e9t\u00e9 Special Verre \u00e0 Geispolsheim.\",\"breadcrumb\":{\"@id\":\"https:\/\/www.specialverre.com\/site\/mentions-legales\/#breadcrumb\"},\"inLanguage\":\"fr-FR\",\"potentialAction\":[{\"@type\":\"ReadAction\",\"target\":[\"https:\/\/www.specialverre.com\/site\/mentions-legales\/\"]}]},{\"@type\":\"BreadcrumbList\",\"@id\":\"https:\/\/www.specialverre.com\/site\/mentions-legales\/#breadcrumb\",\"itemListElement\":[{\"@type\":\"ListItem\",\"position\":1,\"name\":\"Accueil\",\"item\":\"https:\/\/www.specialverre.com\/site\/\"},{\"@type\":\"ListItem\",\"position\":2,\"name\":\"Mentions l\u00e9gales\"}]},{\"@type\":\"WebSite\",\"@id\":\"https:\/\/www.specialverre.com\/site\/#website\",\"url\":\"https:\/\/www.specialverre.com\/site\/\",\"name\":\"Sp\u00e9cial Verre\",\"description\":\"Atelier de soufflage de verre\",\"potentialAction\":[{\"@type\":\"SearchAction\",\"target\":{\"@type\":\"EntryPoint\",\"urlTemplate\":\"https:\/\/www.specialverre.com\/site\/?s={search_term_string}\"},\"query-input\":{\"@type\":\"PropertyValueSpecification\",\"valueRequired\":true,\"valueName\":\"search_term_string\"}}],\"inLanguage\":\"fr-FR\"}]}<\/script>\n<!-- \/ Yoast SEO plugin. -->","yoast_head_json":{"title":"Mentions l\u00e9gales - Sp\u00e9cial Verre","description":"Mentions l\u00e9gales de la soci\u00e9t\u00e9 Special Verre \u00e0 Geispolsheim.","robots":{"index":"index","follow":"follow","max-snippet":"max-snippet:-1","max-image-preview":"max-image-preview:large","max-video-preview":"max-video-preview:-1"},"canonical":"https:\/\/www.specialverre.com\/site\/mentions-legales\/","og_locale":"fr_FR","og_type":"article","og_title":"Mentions l\u00e9gales - Sp\u00e9cial Verre","og_description":"Mentions l\u00e9gales de la soci\u00e9t\u00e9 Special Verre \u00e0 Geispolsheim.","og_url":"https:\/\/www.specialverre.com\/site\/mentions-legales\/","og_site_name":"Sp\u00e9cial Verre","article_modified_time":"2025-01-28T13:57:07+00:00","twitter_card":"summary_large_image","twitter_misc":{"Dur\u00e9e de lecture estim\u00e9e":"2 minutes"},"schema":{"@context":"https:\/\/schema.org","@graph":[{"@type":"WebPage","@id":"https:\/\/www.specialverre.com\/site\/mentions-legales\/","url":"https:\/\/www.specialverre.com\/site\/mentions-legales\/","name":"Mentions l\u00e9gales - Sp\u00e9cial Verre","isPartOf":{"@id":"https:\/\/www.specialverre.com\/site\/#website"},"datePublished":"2015-03-24T11:02:19+00:00","dateModified":"2025-01-28T13:57:07+00:00","description":"Mentions l\u00e9gales de la soci\u00e9t\u00e9 Special Verre \u00e0 Geispolsheim.","breadcrumb":{"@id":"https:\/\/www.specialverre.com\/site\/mentions-legales\/#breadcrumb"},"inLanguage":"fr-FR","potentialAction":[{"@type":"ReadAction","target":["https:\/\/www.specialverre.com\/site\/mentions-legales\/"]}]},{"@type":"BreadcrumbList","@id":"https:\/\/www.specialverre.com\/site\/mentions-legales\/#breadcrumb","itemListElement":[{"@type":"ListItem","position":1,"name":"Accueil","item":"https:\/\/www.specialverre.com\/site\/"},{"@type":"ListItem","position":2,"name":"Mentions l\u00e9gales"}]},{"@type":"WebSite","@id":"https:\/\/www.specialverre.com\/site\/#website","url":"https:\/\/www.specialverre.com\/site\/","name":"Sp\u00e9cial Verre","description":"Atelier de soufflage de verre","potentialAction":[{"@type":"SearchAction","target":{"@type":"EntryPoint","urlTemplate":"https:\/\/www.specialverre.com\/site\/?s={search_term_string}"},"query-input":{"@type":"PropertyValueSpecification","valueRequired":true,"valueName":"search_term_string"}}],"inLanguage":"fr-FR"}]}},"_links":{"self":[{"href":"https:\/\/www.specialverre.com\/site\/wp-json\/wp\/v2\/pages\/63","targetHints":{"allow":["GET"]}}],"collection":[{"href":"https:\/\/www.specialverre.com\/site\/wp-json\/wp\/v2\/pages"}],"about":[{"href":"https:\/\/www.specialverre.com\/site\/wp-json\/wp\/v2\/types\/page"}],"author":[{"embeddable":true,"href":"https:\/\/www.specialverre.com\/site\/wp-json\/wp\/v2\/users\/1"}],"replies":[{"embeddable":true,"href":"https:\/\/www.specialverre.com\/site\/wp-json\/wp\/v2\/comments?post=63"}],"version-history":[{"count":12,"href":"https:\/\/www.specialverre.com\/site\/wp-json\/wp\/v2\/pages\/63\/revisions"}],"predecessor-version":[{"id":495,"href":"https:\/\/www.specialverre.com\/site\/wp-json\/wp\/v2\/pages\/63\/revisions\/495"}],"wp:attachment":[{"href":"https:\/\/www.specialverre.com\/site\/wp-json\/wp\/v2\/media?parent=63"}],"curies":[{"name":"wp","href":"https:\/\/api.w.org\/{rel}","templated":true}]}}