{"id":57,"date":"2015-03-19T17:23:52","date_gmt":"2015-03-19T16:23:52","guid":{"rendered":"http:\/\/www.specialverre.com\/site\/?page_id=57"},"modified":"2025-01-27T17:46:29","modified_gmt":"2025-01-27T16:46:29","slug":"catalogues-materiel-laboratoire","status":"publish","type":"page","link":"https:\/\/www.specialverre.com\/site\/catalogues-materiel-laboratoire\/","title":{"rendered":"Catalogues de fournitures de laboratoire"},"content":{"rendered":"\n<p>Sp\u00e9cial Verre distribue des consommables et des \u00e9quipements de laboratoire.<\/p>\n\n\n\n<p>Retrouvez sur cette page les catalogues de nos fournisseurs au format pdf.<\/p>\n\n\n\n<figure class=\"wp-block-image\"><img fetchpriority=\"high\" decoding=\"async\" width=\"800\" height=\"800\" src=\"https:\/\/www.specialverre.com\/site\/wp-content\/uploads\/2025\/01\/ROGO-SAMPAIC-2025-1.jpg\" alt=\"\" class=\"wp-image-489\" srcset=\"https:\/\/www.specialverre.com\/site\/wp-content\/uploads\/2025\/01\/ROGO-SAMPAIC-2025-1.jpg 800w, https:\/\/www.specialverre.com\/site\/wp-content\/uploads\/2025\/01\/ROGO-SAMPAIC-2025-1-768x768.jpg 768w, https:\/\/www.specialverre.com\/site\/wp-content\/uploads\/2025\/01\/ROGO-SAMPAIC-2025-1-624x624.jpg 624w\" sizes=\"(max-width: 800px) 100vw, 800px\" \/><\/figure>\n\n\n\n<figure class=\"wp-block-image\"><a href=\"https:\/\/www.lhybride.info\/media\/files\/HIR-Catalogue_2020.pdf\" target=\"_blank\" rel=\"noopener noreferrer\"><img decoding=\"async\" src=\"https:\/\/www.specialverre.com\/site\/wp-content\/uploads\/2019\/05\/cat-hirschmann.jpg\" alt=\"\"\/><\/a><\/figure>\n\n\n\n<figure class=\"wp-block-image\"><img decoding=\"async\" src=\"https:\/\/www.specialverre.com\/site\/wp-content\/uploads\/2019\/05\/cat-duran.jpg\" alt=\"\"\/><\/figure>\n\n\n\n<p><br><a href=\"http:\/\/www.hirschmann-laborgeraete.de\/de-DE\/Info-Center\/Downloads\/~\/media\/Downloads\/Katalog\/2019\/HIR_Katalog_2019.ashx%20\" target=\"_blank\" rel=\"noopener noreferrer\"><br><\/a><br><a href=\"http:\/\/www.duran-group.com\/uploads\/tx_fedownloads\/DWK_DURAN_Katalog_FINAL_FR.PDF\" target=\"_blank\" rel=\"noopener noreferrer\"><br> <\/a><\/p>\n","protected":false},"excerpt":{"rendered":"<p>Sp\u00e9cial Verre distribue des consommables et des \u00e9quipements de laboratoire. Retrouvez sur cette page les catalogues de nos fournisseurs au format pdf.<\/p>\n","protected":false},"author":1,"featured_media":0,"parent":0,"menu_order":0,"comment_status":"closed","ping_status":"open","template":"","meta":{"footnotes":""},"class_list":["post-57","page","type-page","status-publish","hentry"],"yoast_head":"<!-- This site is optimized with the Yoast SEO plugin v27.6 - https:\/\/yoast.com\/product\/yoast-seo-wordpress\/ -->\n<title>Catalogues de fournitures de laboratoire - Sp\u00e9cial Verre<\/title>\n<meta name=\"description\" content=\"Retrouvez les catalogues des fournisseurs de mat\u00e9riel de laboratoire distribu\u00e9s par Sp\u00e9cial Verre, atelier de soufflage de verre situ\u00e9 \u00e0 c\u00f4t\u00e9 de Strasbourg.\" \/>\n<meta name=\"robots\" content=\"index, follow, max-snippet:-1, max-image-preview:large, max-video-preview:-1\" \/>\n<link rel=\"canonical\" href=\"https:\/\/www.specialverre.com\/site\/catalogues-materiel-laboratoire\/\" \/>\n<meta property=\"og:locale\" content=\"fr_FR\" \/>\n<meta property=\"og:type\" content=\"article\" \/>\n<meta property=\"og:title\" content=\"Catalogues de fournitures de laboratoire - Sp\u00e9cial Verre\" \/>\n<meta property=\"og:description\" content=\"Retrouvez les catalogues des fournisseurs de mat\u00e9riel de laboratoire distribu\u00e9s par Sp\u00e9cial Verre, atelier de soufflage de verre situ\u00e9 \u00e0 c\u00f4t\u00e9 de Strasbourg.\" \/>\n<meta property=\"og:url\" content=\"https:\/\/www.specialverre.com\/site\/catalogues-materiel-laboratoire\/\" \/>\n<meta property=\"og:site_name\" content=\"Sp\u00e9cial Verre\" \/>\n<meta property=\"article:modified_time\" content=\"2025-01-27T16:46:29+00:00\" \/>\n<meta property=\"og:image\" content=\"https:\/\/www.specialverre.com\/site\/wp-content\/uploads\/2025\/01\/ROGO-SAMPAIC-2025-1.jpg\" \/>\n\t<meta property=\"og:image:width\" content=\"800\" \/>\n\t<meta property=\"og:image:height\" content=\"800\" \/>\n\t<meta property=\"og:image:type\" content=\"image\/jpeg\" \/>\n<meta name=\"twitter:card\" content=\"summary_large_image\" \/>\n<meta name=\"twitter:label1\" content=\"Dur\u00e9e de lecture estim\u00e9e\" \/>\n\t<meta name=\"twitter:data1\" content=\"1 minute\" \/>\n<script type=\"application\/ld+json\" class=\"yoast-schema-graph\">{\"@context\":\"https:\\\/\\\/schema.org\",\"@graph\":[{\"@type\":\"WebPage\",\"@id\":\"https:\\\/\\\/www.specialverre.com\\\/site\\\/catalogues-materiel-laboratoire\\\/\",\"url\":\"https:\\\/\\\/www.specialverre.com\\\/site\\\/catalogues-materiel-laboratoire\\\/\",\"name\":\"Catalogues de fournitures de laboratoire - Sp\u00e9cial Verre\",\"isPartOf\":{\"@id\":\"https:\\\/\\\/www.specialverre.com\\\/site\\\/#website\"},\"primaryImageOfPage\":{\"@id\":\"https:\\\/\\\/www.specialverre.com\\\/site\\\/catalogues-materiel-laboratoire\\\/#primaryimage\"},\"image\":{\"@id\":\"https:\\\/\\\/www.specialverre.com\\\/site\\\/catalogues-materiel-laboratoire\\\/#primaryimage\"},\"thumbnailUrl\":\"https:\\\/\\\/www.specialverre.com\\\/site\\\/wp-content\\\/uploads\\\/2025\\\/01\\\/ROGO-SAMPAIC-2025-1.jpg\",\"datePublished\":\"2015-03-19T16:23:52+00:00\",\"dateModified\":\"2025-01-27T16:46:29+00:00\",\"description\":\"Retrouvez les catalogues des fournisseurs de mat\u00e9riel de laboratoire distribu\u00e9s par Sp\u00e9cial Verre, atelier de soufflage de verre situ\u00e9 \u00e0 c\u00f4t\u00e9 de Strasbourg.\",\"breadcrumb\":{\"@id\":\"https:\\\/\\\/www.specialverre.com\\\/site\\\/catalogues-materiel-laboratoire\\\/#breadcrumb\"},\"inLanguage\":\"fr-FR\",\"potentialAction\":[{\"@type\":\"ReadAction\",\"target\":[\"https:\\\/\\\/www.specialverre.com\\\/site\\\/catalogues-materiel-laboratoire\\\/\"]}]},{\"@type\":\"ImageObject\",\"inLanguage\":\"fr-FR\",\"@id\":\"https:\\\/\\\/www.specialverre.com\\\/site\\\/catalogues-materiel-laboratoire\\\/#primaryimage\",\"url\":\"https:\\\/\\\/www.specialverre.com\\\/site\\\/wp-content\\\/uploads\\\/2025\\\/01\\\/ROGO-SAMPAIC-2025-1.jpg\",\"contentUrl\":\"https:\\\/\\\/www.specialverre.com\\\/site\\\/wp-content\\\/uploads\\\/2025\\\/01\\\/ROGO-SAMPAIC-2025-1.jpg\",\"width\":800,\"height\":800},{\"@type\":\"BreadcrumbList\",\"@id\":\"https:\\\/\\\/www.specialverre.com\\\/site\\\/catalogues-materiel-laboratoire\\\/#breadcrumb\",\"itemListElement\":[{\"@type\":\"ListItem\",\"position\":1,\"name\":\"Accueil\",\"item\":\"https:\\\/\\\/www.specialverre.com\\\/site\\\/\"},{\"@type\":\"ListItem\",\"position\":2,\"name\":\"Catalogues de fournitures de laboratoire\"}]},{\"@type\":\"WebSite\",\"@id\":\"https:\\\/\\\/www.specialverre.com\\\/site\\\/#website\",\"url\":\"https:\\\/\\\/www.specialverre.com\\\/site\\\/\",\"name\":\"Sp\u00e9cial Verre\",\"description\":\"Atelier de soufflage de verre\",\"potentialAction\":[{\"@type\":\"SearchAction\",\"target\":{\"@type\":\"EntryPoint\",\"urlTemplate\":\"https:\\\/\\\/www.specialverre.com\\\/site\\\/?s={search_term_string}\"},\"query-input\":{\"@type\":\"PropertyValueSpecification\",\"valueRequired\":true,\"valueName\":\"search_term_string\"}}],\"inLanguage\":\"fr-FR\"}]}<\/script>\n<!-- \/ Yoast SEO plugin. -->","yoast_head_json":{"title":"Catalogues de fournitures de laboratoire - Sp\u00e9cial Verre","description":"Retrouvez les catalogues des fournisseurs de mat\u00e9riel de laboratoire distribu\u00e9s par Sp\u00e9cial Verre, atelier de soufflage de verre situ\u00e9 \u00e0 c\u00f4t\u00e9 de Strasbourg.","robots":{"index":"index","follow":"follow","max-snippet":"max-snippet:-1","max-image-preview":"max-image-preview:large","max-video-preview":"max-video-preview:-1"},"canonical":"https:\/\/www.specialverre.com\/site\/catalogues-materiel-laboratoire\/","og_locale":"fr_FR","og_type":"article","og_title":"Catalogues de fournitures de laboratoire - Sp\u00e9cial Verre","og_description":"Retrouvez les catalogues des fournisseurs de mat\u00e9riel de laboratoire distribu\u00e9s par Sp\u00e9cial Verre, atelier de soufflage de verre situ\u00e9 \u00e0 c\u00f4t\u00e9 de Strasbourg.","og_url":"https:\/\/www.specialverre.com\/site\/catalogues-materiel-laboratoire\/","og_site_name":"Sp\u00e9cial Verre","article_modified_time":"2025-01-27T16:46:29+00:00","og_image":[{"width":800,"height":800,"url":"https:\/\/www.specialverre.com\/site\/wp-content\/uploads\/2025\/01\/ROGO-SAMPAIC-2025-1.jpg","type":"image\/jpeg"}],"twitter_card":"summary_large_image","twitter_misc":{"Dur\u00e9e de lecture estim\u00e9e":"1 minute"},"schema":{"@context":"https:\/\/schema.org","@graph":[{"@type":"WebPage","@id":"https:\/\/www.specialverre.com\/site\/catalogues-materiel-laboratoire\/","url":"https:\/\/www.specialverre.com\/site\/catalogues-materiel-laboratoire\/","name":"Catalogues de fournitures de laboratoire - Sp\u00e9cial Verre","isPartOf":{"@id":"https:\/\/www.specialverre.com\/site\/#website"},"primaryImageOfPage":{"@id":"https:\/\/www.specialverre.com\/site\/catalogues-materiel-laboratoire\/#primaryimage"},"image":{"@id":"https:\/\/www.specialverre.com\/site\/catalogues-materiel-laboratoire\/#primaryimage"},"thumbnailUrl":"https:\/\/www.specialverre.com\/site\/wp-content\/uploads\/2025\/01\/ROGO-SAMPAIC-2025-1.jpg","datePublished":"2015-03-19T16:23:52+00:00","dateModified":"2025-01-27T16:46:29+00:00","description":"Retrouvez les catalogues des fournisseurs de mat\u00e9riel de laboratoire distribu\u00e9s par Sp\u00e9cial Verre, atelier de soufflage de verre situ\u00e9 \u00e0 c\u00f4t\u00e9 de Strasbourg.","breadcrumb":{"@id":"https:\/\/www.specialverre.com\/site\/catalogues-materiel-laboratoire\/#breadcrumb"},"inLanguage":"fr-FR","potentialAction":[{"@type":"ReadAction","target":["https:\/\/www.specialverre.com\/site\/catalogues-materiel-laboratoire\/"]}]},{"@type":"ImageObject","inLanguage":"fr-FR","@id":"https:\/\/www.specialverre.com\/site\/catalogues-materiel-laboratoire\/#primaryimage","url":"https:\/\/www.specialverre.com\/site\/wp-content\/uploads\/2025\/01\/ROGO-SAMPAIC-2025-1.jpg","contentUrl":"https:\/\/www.specialverre.com\/site\/wp-content\/uploads\/2025\/01\/ROGO-SAMPAIC-2025-1.jpg","width":800,"height":800},{"@type":"BreadcrumbList","@id":"https:\/\/www.specialverre.com\/site\/catalogues-materiel-laboratoire\/#breadcrumb","itemListElement":[{"@type":"ListItem","position":1,"name":"Accueil","item":"https:\/\/www.specialverre.com\/site\/"},{"@type":"ListItem","position":2,"name":"Catalogues de fournitures de laboratoire"}]},{"@type":"WebSite","@id":"https:\/\/www.specialverre.com\/site\/#website","url":"https:\/\/www.specialverre.com\/site\/","name":"Sp\u00e9cial Verre","description":"Atelier de soufflage de verre","potentialAction":[{"@type":"SearchAction","target":{"@type":"EntryPoint","urlTemplate":"https:\/\/www.specialverre.com\/site\/?s={search_term_string}"},"query-input":{"@type":"PropertyValueSpecification","valueRequired":true,"valueName":"search_term_string"}}],"inLanguage":"fr-FR"}]}},"_links":{"self":[{"href":"https:\/\/www.specialverre.com\/site\/wp-json\/wp\/v2\/pages\/57","targetHints":{"allow":["GET"]}}],"collection":[{"href":"https:\/\/www.specialverre.com\/site\/wp-json\/wp\/v2\/pages"}],"about":[{"href":"https:\/\/www.specialverre.com\/site\/wp-json\/wp\/v2\/types\/page"}],"author":[{"embeddable":true,"href":"https:\/\/www.specialverre.com\/site\/wp-json\/wp\/v2\/users\/1"}],"replies":[{"embeddable":true,"href":"https:\/\/www.specialverre.com\/site\/wp-json\/wp\/v2\/comments?post=57"}],"version-history":[{"count":22,"href":"https:\/\/www.specialverre.com\/site\/wp-json\/wp\/v2\/pages\/57\/revisions"}],"predecessor-version":[{"id":492,"href":"https:\/\/www.specialverre.com\/site\/wp-json\/wp\/v2\/pages\/57\/revisions\/492"}],"wp:attachment":[{"href":"https:\/\/www.specialverre.com\/site\/wp-json\/wp\/v2\/media?parent=57"}],"curies":[{"name":"wp","href":"https:\/\/api.w.org\/{rel}","templated":true}]}}