{"id":42,"date":"2015-03-19T16:56:42","date_gmt":"2015-03-19T15:56:42","guid":{"rendered":"http:\/\/www.specialverre.com\/site\/?page_id=42"},"modified":"2020-06-24T11:06:11","modified_gmt":"2020-06-24T10:06:11","slug":"distribution-materiel-laboratoire","status":"publish","type":"page","link":"https:\/\/www.specialverre.com\/site\/distribution-materiel-laboratoire\/","title":{"rendered":"Distribution de mat\u00e9riel de laboratoire"},"content":{"rendered":"\t\t<div data-elementor-type=\"wp-post\" data-elementor-id=\"42\" class=\"elementor elementor-42\">\n\t\t\t\t\t\t<section class=\"elementor-section elementor-top-section elementor-element elementor-element-23e828ac elementor-section-boxed elementor-section-height-default elementor-section-height-default\" data-id=\"23e828ac\" data-element_type=\"section\" data-e-type=\"section\">\n\t\t\t\t\t\t<div class=\"elementor-container elementor-column-gap-default\">\n\t\t\t\t\t<div class=\"elementor-column elementor-col-100 elementor-top-column elementor-element elementor-element-cb72805\" data-id=\"cb72805\" data-element_type=\"column\" data-e-type=\"column\">\n\t\t\t<div class=\"elementor-widget-wrap elementor-element-populated\">\n\t\t\t\t\t\t<div class=\"elementor-element elementor-element-5840dd04 elementor-widget elementor-widget-text-editor\" data-id=\"5840dd04\" data-element_type=\"widget\" data-e-type=\"widget\" data-widget_type=\"text-editor.default\">\n\t\t\t\t<div class=\"elementor-widget-container\">\n\t\t\t\t\t\t\t\t\t<p>La soci\u00e9t\u00e9 SPECIAL VERRE commercialise de la verrerie courante, volum\u00e9trique, des contenants en plastique, des supports sur mesures en PMMA, du flaconnage.<\/p><p>SPECIAL VERRE est partenaire\u00a0et d\u00e9positaire des marques Shott Duran\u00ae, Hirschmann\u00ae, Simax\u00ae entre autres.\u00a0N&rsquo;h\u00e9sitez pas \u00e0 nous consulter pour conna\u00eetre les marques que nous distribuons.<\/p>\t\t\t\t\t\t\t\t<\/div>\n\t\t\t\t<\/div>\n\t\t\t\t\t<\/div>\n\t\t<\/div>\n\t\t\t\t\t<\/div>\n\t\t<\/section>\n\t\t\t\t<section class=\"elementor-section elementor-top-section elementor-element elementor-element-6cfcad8 elementor-section-boxed elementor-section-height-default elementor-section-height-default\" data-id=\"6cfcad8\" data-element_type=\"section\" data-e-type=\"section\">\n\t\t\t\t\t\t<div class=\"elementor-container elementor-column-gap-default\">\n\t\t\t\t\t<div class=\"elementor-column elementor-col-33 elementor-top-column elementor-element elementor-element-7e0548d\" data-id=\"7e0548d\" data-element_type=\"column\" data-e-type=\"column\">\n\t\t\t<div class=\"elementor-widget-wrap elementor-element-populated\">\n\t\t\t\t\t\t<div class=\"elementor-element elementor-element-6187986 elementor-widget elementor-widget-image\" data-id=\"6187986\" data-element_type=\"widget\" data-e-type=\"widget\" data-widget_type=\"image.default\">\n\t\t\t\t<div class=\"elementor-widget-container\">\n\t\t\t\t\t\t\t\t\t\t\t\t\t\t\t\t<a href=\"https:\/\/www.rogosampaic.com\/documentos\/folletos\/folletos\/Catalogue2020.pdf\" target=\"_blank\">\n\t\t\t\t\t\t\t<img decoding=\"async\" width=\"330\" height=\"143\" src=\"https:\/\/www.specialverre.com\/site\/wp-content\/uploads\/2019\/05\/logo-rogo.png\" class=\"attachment-large size-large wp-image-316\" alt=\"\" \/>\t\t\t\t\t\t\t\t<\/a>\n\t\t\t\t\t\t\t\t\t\t\t\t\t\t\t<\/div>\n\t\t\t\t<\/div>\n\t\t\t\t\t<\/div>\n\t\t<\/div>\n\t\t\t\t<div class=\"elementor-column elementor-col-33 elementor-top-column elementor-element elementor-element-05b47c6\" data-id=\"05b47c6\" data-element_type=\"column\" data-e-type=\"column\">\n\t\t\t<div class=\"elementor-widget-wrap elementor-element-populated\">\n\t\t\t\t\t\t<div class=\"elementor-element elementor-element-aa1bfd0 elementor-widget elementor-widget-image\" data-id=\"aa1bfd0\" data-element_type=\"widget\" data-e-type=\"widget\" data-widget_type=\"image.default\">\n\t\t\t\t<div class=\"elementor-widget-container\">\n\t\t\t\t\t\t\t\t\t\t\t\t\t\t\t\t<a href=\"http:\/\/www.hirschmannlab.com\/fr-FR\/produktuebersicht\/produkte.aspx#\" target=\"_blank\">\n\t\t\t\t\t\t\t<img fetchpriority=\"high\" decoding=\"async\" width=\"3441\" height=\"603\" src=\"https:\/\/www.specialverre.com\/site\/wp-content\/uploads\/2019\/05\/HIRSCHMANN_LOGO.png\" class=\"attachment-large size-large wp-image-317\" alt=\"\" srcset=\"https:\/\/www.specialverre.com\/site\/wp-content\/uploads\/2019\/05\/HIRSCHMANN_LOGO.png 3441w, https:\/\/www.specialverre.com\/site\/wp-content\/uploads\/2019\/05\/HIRSCHMANN_LOGO-768x135.png 768w, https:\/\/www.specialverre.com\/site\/wp-content\/uploads\/2019\/05\/HIRSCHMANN_LOGO-624x109.png 624w\" sizes=\"(max-width: 3441px) 100vw, 3441px\" \/>\t\t\t\t\t\t\t\t<\/a>\n\t\t\t\t\t\t\t\t\t\t\t\t\t\t\t<\/div>\n\t\t\t\t<\/div>\n\t\t\t\t\t<\/div>\n\t\t<\/div>\n\t\t\t\t<div class=\"elementor-column elementor-col-33 elementor-top-column elementor-element elementor-element-ad848fa\" data-id=\"ad848fa\" data-element_type=\"column\" data-e-type=\"column\">\n\t\t\t<div class=\"elementor-widget-wrap elementor-element-populated\">\n\t\t\t\t\t\t<div class=\"elementor-element elementor-element-1c76465 elementor-widget elementor-widget-image\" data-id=\"1c76465\" data-element_type=\"widget\" data-e-type=\"widget\" data-widget_type=\"image.default\">\n\t\t\t\t<div class=\"elementor-widget-container\">\n\t\t\t\t\t\t\t\t\t\t\t\t\t\t\t\t<a href=\"http:\/\/www.duran-group.com\/uploads\/tx_fedownloads\/DWK_DURAN_Katalog_FINAL_FR.PDF\" target=\"_blank\">\n\t\t\t\t\t\t\t<img decoding=\"async\" width=\"636\" height=\"245\" src=\"https:\/\/www.specialverre.com\/site\/wp-content\/uploads\/2019\/05\/DWK_Logo@2x.png\" class=\"attachment-large size-large wp-image-318\" alt=\"\" srcset=\"https:\/\/www.specialverre.com\/site\/wp-content\/uploads\/2019\/05\/DWK_Logo@2x.png 636w, https:\/\/www.specialverre.com\/site\/wp-content\/uploads\/2019\/05\/DWK_Logo@2x-624x240.png 624w\" sizes=\"(max-width: 636px) 100vw, 636px\" \/>\t\t\t\t\t\t\t\t<\/a>\n\t\t\t\t\t\t\t\t\t\t\t\t\t\t\t<\/div>\n\t\t\t\t<\/div>\n\t\t\t\t\t<\/div>\n\t\t<\/div>\n\t\t\t\t\t<\/div>\n\t\t<\/section>\n\t\t\t\t<\/div>\n\t\t","protected":false},"excerpt":{"rendered":"<p>La soci\u00e9t\u00e9 SPECIAL VERRE commercialise de la verrerie courante, volum\u00e9trique, des contenants en plastique, des supports sur mesures en PMMA, du flaconnage. SPECIAL VERRE est partenaire\u00a0et d\u00e9positaire des marques Shott Duran\u00ae, Hirschmann\u00ae, Simax\u00ae entre autres.\u00a0N&rsquo;h\u00e9sitez pas \u00e0 nous consulter pour conna\u00eetre les marques que nous distribuons.<\/p>\n","protected":false},"author":1,"featured_media":0,"parent":0,"menu_order":0,"comment_status":"closed","ping_status":"open","template":"","meta":{"footnotes":""},"class_list":["post-42","page","type-page","status-publish","hentry"],"yoast_head":"<!-- This site is optimized with the Yoast SEO plugin v27.6 - https:\/\/yoast.com\/product\/yoast-seo-wordpress\/ -->\n<title>Distribution de mat\u00e9riel de laboratoire - Sp\u00e9cial Verre<\/title>\n<meta name=\"description\" content=\"Distribution de mat\u00e9riel de laboratoire par Sp\u00e9cial Verre, atelier de soufflage de verre et distributeur situ\u00e9 \u00e0 Geispolsheim \u00e0 c\u00f4t\u00e9 de Strasbourg.\" \/>\n<meta name=\"robots\" content=\"index, follow, max-snippet:-1, max-image-preview:large, max-video-preview:-1\" \/>\n<link rel=\"canonical\" href=\"https:\/\/www.specialverre.com\/site\/distribution-materiel-laboratoire\/\" \/>\n<meta property=\"og:locale\" content=\"fr_FR\" \/>\n<meta property=\"og:type\" content=\"article\" \/>\n<meta property=\"og:title\" content=\"Distribution de mat\u00e9riel de laboratoire - Sp\u00e9cial Verre\" \/>\n<meta property=\"og:description\" content=\"Distribution de mat\u00e9riel de laboratoire par Sp\u00e9cial Verre, atelier de soufflage de verre et distributeur situ\u00e9 \u00e0 Geispolsheim \u00e0 c\u00f4t\u00e9 de Strasbourg.\" \/>\n<meta property=\"og:url\" content=\"https:\/\/www.specialverre.com\/site\/distribution-materiel-laboratoire\/\" \/>\n<meta property=\"og:site_name\" content=\"Sp\u00e9cial Verre\" \/>\n<meta property=\"article:modified_time\" content=\"2020-06-24T10:06:11+00:00\" \/>\n<meta property=\"og:image\" content=\"https:\/\/www.specialverre.com\/site\/wp-content\/uploads\/2019\/05\/logo-rogo.png\" \/>\n<meta name=\"twitter:card\" content=\"summary_large_image\" \/>\n<script type=\"application\/ld+json\" class=\"yoast-schema-graph\">{\"@context\":\"https:\\\/\\\/schema.org\",\"@graph\":[{\"@type\":\"WebPage\",\"@id\":\"https:\\\/\\\/www.specialverre.com\\\/site\\\/distribution-materiel-laboratoire\\\/\",\"url\":\"https:\\\/\\\/www.specialverre.com\\\/site\\\/distribution-materiel-laboratoire\\\/\",\"name\":\"Distribution de mat\u00e9riel de laboratoire - Sp\u00e9cial Verre\",\"isPartOf\":{\"@id\":\"https:\\\/\\\/www.specialverre.com\\\/site\\\/#website\"},\"primaryImageOfPage\":{\"@id\":\"https:\\\/\\\/www.specialverre.com\\\/site\\\/distribution-materiel-laboratoire\\\/#primaryimage\"},\"image\":{\"@id\":\"https:\\\/\\\/www.specialverre.com\\\/site\\\/distribution-materiel-laboratoire\\\/#primaryimage\"},\"thumbnailUrl\":\"https:\\\/\\\/www.specialverre.com\\\/site\\\/wp-content\\\/uploads\\\/2019\\\/05\\\/logo-rogo.png\",\"datePublished\":\"2015-03-19T15:56:42+00:00\",\"dateModified\":\"2020-06-24T10:06:11+00:00\",\"description\":\"Distribution de mat\u00e9riel de laboratoire par Sp\u00e9cial Verre, atelier de soufflage de verre et distributeur situ\u00e9 \u00e0 Geispolsheim \u00e0 c\u00f4t\u00e9 de Strasbourg.\",\"breadcrumb\":{\"@id\":\"https:\\\/\\\/www.specialverre.com\\\/site\\\/distribution-materiel-laboratoire\\\/#breadcrumb\"},\"inLanguage\":\"fr-FR\",\"potentialAction\":[{\"@type\":\"ReadAction\",\"target\":[\"https:\\\/\\\/www.specialverre.com\\\/site\\\/distribution-materiel-laboratoire\\\/\"]}]},{\"@type\":\"ImageObject\",\"inLanguage\":\"fr-FR\",\"@id\":\"https:\\\/\\\/www.specialverre.com\\\/site\\\/distribution-materiel-laboratoire\\\/#primaryimage\",\"url\":\"https:\\\/\\\/www.specialverre.com\\\/site\\\/wp-content\\\/uploads\\\/2019\\\/05\\\/logo-rogo.png\",\"contentUrl\":\"https:\\\/\\\/www.specialverre.com\\\/site\\\/wp-content\\\/uploads\\\/2019\\\/05\\\/logo-rogo.png\",\"width\":330,\"height\":143,\"caption\":\"LES ESSENTIELS DU LABO PRINTEMPS - ETE 2019\"},{\"@type\":\"BreadcrumbList\",\"@id\":\"https:\\\/\\\/www.specialverre.com\\\/site\\\/distribution-materiel-laboratoire\\\/#breadcrumb\",\"itemListElement\":[{\"@type\":\"ListItem\",\"position\":1,\"name\":\"Accueil\",\"item\":\"https:\\\/\\\/www.specialverre.com\\\/site\\\/\"},{\"@type\":\"ListItem\",\"position\":2,\"name\":\"Distribution de mat\u00e9riel de laboratoire\"}]},{\"@type\":\"WebSite\",\"@id\":\"https:\\\/\\\/www.specialverre.com\\\/site\\\/#website\",\"url\":\"https:\\\/\\\/www.specialverre.com\\\/site\\\/\",\"name\":\"Sp\u00e9cial Verre\",\"description\":\"Atelier de soufflage de verre\",\"potentialAction\":[{\"@type\":\"SearchAction\",\"target\":{\"@type\":\"EntryPoint\",\"urlTemplate\":\"https:\\\/\\\/www.specialverre.com\\\/site\\\/?s={search_term_string}\"},\"query-input\":{\"@type\":\"PropertyValueSpecification\",\"valueRequired\":true,\"valueName\":\"search_term_string\"}}],\"inLanguage\":\"fr-FR\"}]}<\/script>\n<!-- \/ Yoast SEO plugin. -->","yoast_head_json":{"title":"Distribution de mat\u00e9riel de laboratoire - Sp\u00e9cial Verre","description":"Distribution de mat\u00e9riel de laboratoire par Sp\u00e9cial Verre, atelier de soufflage de verre et distributeur situ\u00e9 \u00e0 Geispolsheim \u00e0 c\u00f4t\u00e9 de Strasbourg.","robots":{"index":"index","follow":"follow","max-snippet":"max-snippet:-1","max-image-preview":"max-image-preview:large","max-video-preview":"max-video-preview:-1"},"canonical":"https:\/\/www.specialverre.com\/site\/distribution-materiel-laboratoire\/","og_locale":"fr_FR","og_type":"article","og_title":"Distribution de mat\u00e9riel de laboratoire - Sp\u00e9cial Verre","og_description":"Distribution de mat\u00e9riel de laboratoire par Sp\u00e9cial Verre, atelier de soufflage de verre et distributeur situ\u00e9 \u00e0 Geispolsheim \u00e0 c\u00f4t\u00e9 de Strasbourg.","og_url":"https:\/\/www.specialverre.com\/site\/distribution-materiel-laboratoire\/","og_site_name":"Sp\u00e9cial Verre","article_modified_time":"2020-06-24T10:06:11+00:00","og_image":[{"url":"https:\/\/www.specialverre.com\/site\/wp-content\/uploads\/2019\/05\/logo-rogo.png","type":"","width":"","height":""}],"twitter_card":"summary_large_image","schema":{"@context":"https:\/\/schema.org","@graph":[{"@type":"WebPage","@id":"https:\/\/www.specialverre.com\/site\/distribution-materiel-laboratoire\/","url":"https:\/\/www.specialverre.com\/site\/distribution-materiel-laboratoire\/","name":"Distribution de mat\u00e9riel de laboratoire - Sp\u00e9cial Verre","isPartOf":{"@id":"https:\/\/www.specialverre.com\/site\/#website"},"primaryImageOfPage":{"@id":"https:\/\/www.specialverre.com\/site\/distribution-materiel-laboratoire\/#primaryimage"},"image":{"@id":"https:\/\/www.specialverre.com\/site\/distribution-materiel-laboratoire\/#primaryimage"},"thumbnailUrl":"https:\/\/www.specialverre.com\/site\/wp-content\/uploads\/2019\/05\/logo-rogo.png","datePublished":"2015-03-19T15:56:42+00:00","dateModified":"2020-06-24T10:06:11+00:00","description":"Distribution de mat\u00e9riel de laboratoire par Sp\u00e9cial Verre, atelier de soufflage de verre et distributeur situ\u00e9 \u00e0 Geispolsheim \u00e0 c\u00f4t\u00e9 de Strasbourg.","breadcrumb":{"@id":"https:\/\/www.specialverre.com\/site\/distribution-materiel-laboratoire\/#breadcrumb"},"inLanguage":"fr-FR","potentialAction":[{"@type":"ReadAction","target":["https:\/\/www.specialverre.com\/site\/distribution-materiel-laboratoire\/"]}]},{"@type":"ImageObject","inLanguage":"fr-FR","@id":"https:\/\/www.specialverre.com\/site\/distribution-materiel-laboratoire\/#primaryimage","url":"https:\/\/www.specialverre.com\/site\/wp-content\/uploads\/2019\/05\/logo-rogo.png","contentUrl":"https:\/\/www.specialverre.com\/site\/wp-content\/uploads\/2019\/05\/logo-rogo.png","width":330,"height":143,"caption":"LES ESSENTIELS DU LABO PRINTEMPS - ETE 2019"},{"@type":"BreadcrumbList","@id":"https:\/\/www.specialverre.com\/site\/distribution-materiel-laboratoire\/#breadcrumb","itemListElement":[{"@type":"ListItem","position":1,"name":"Accueil","item":"https:\/\/www.specialverre.com\/site\/"},{"@type":"ListItem","position":2,"name":"Distribution de mat\u00e9riel de laboratoire"}]},{"@type":"WebSite","@id":"https:\/\/www.specialverre.com\/site\/#website","url":"https:\/\/www.specialverre.com\/site\/","name":"Sp\u00e9cial Verre","description":"Atelier de soufflage de verre","potentialAction":[{"@type":"SearchAction","target":{"@type":"EntryPoint","urlTemplate":"https:\/\/www.specialverre.com\/site\/?s={search_term_string}"},"query-input":{"@type":"PropertyValueSpecification","valueRequired":true,"valueName":"search_term_string"}}],"inLanguage":"fr-FR"}]}},"_links":{"self":[{"href":"https:\/\/www.specialverre.com\/site\/wp-json\/wp\/v2\/pages\/42","targetHints":{"allow":["GET"]}}],"collection":[{"href":"https:\/\/www.specialverre.com\/site\/wp-json\/wp\/v2\/pages"}],"about":[{"href":"https:\/\/www.specialverre.com\/site\/wp-json\/wp\/v2\/types\/page"}],"author":[{"embeddable":true,"href":"https:\/\/www.specialverre.com\/site\/wp-json\/wp\/v2\/users\/1"}],"replies":[{"embeddable":true,"href":"https:\/\/www.specialverre.com\/site\/wp-json\/wp\/v2\/comments?post=42"}],"version-history":[{"count":9,"href":"https:\/\/www.specialverre.com\/site\/wp-json\/wp\/v2\/pages\/42\/revisions"}],"predecessor-version":[{"id":429,"href":"https:\/\/www.specialverre.com\/site\/wp-json\/wp\/v2\/pages\/42\/revisions\/429"}],"wp:attachment":[{"href":"https:\/\/www.specialverre.com\/site\/wp-json\/wp\/v2\/media?parent=42"}],"curies":[{"name":"wp","href":"https:\/\/api.w.org\/{rel}","templated":true}]}}