{"id":38,"date":"2015-03-19T16:53:20","date_gmt":"2015-03-19T15:53:20","guid":{"rendered":"http:\/\/www.specialverre.com\/site\/?page_id=38"},"modified":"2016-07-19T15:45:20","modified_gmt":"2016-07-19T14:45:20","slug":"photos-soufflage-verre","status":"publish","type":"page","link":"https:\/\/www.specialverre.com\/site\/photos-soufflage-verre\/","title":{"rendered":"Galerie photos soufflage de verre"},"content":{"rendered":"<p>D\u00e9couvrez les photos de notre atelier de soufflage de verre.<\/p>\n<p><a href=\"http:\/\/www.specialverre.com\/site\/wp-content\/uploads\/2015\/03\/SpecialVerre-Preview-2.jpg\"><img fetchpriority=\"high\" decoding=\"async\" class=\"alignnone size-full wp-image-12\" src=\"http:\/\/www.specialverre.com\/site\/wp-content\/uploads\/2015\/03\/SpecialVerre-Preview-2.jpg\" alt=\"SpecialVerre-Preview-2\" width=\"1280\" height=\"853\" \/><\/a> <a href=\"http:\/\/www.specialverre.com\/site\/wp-content\/uploads\/2015\/03\/SpecialVerre-Preview-8.jpg\"><img decoding=\"async\" class=\"alignnone size-full wp-image-26\" src=\"http:\/\/www.specialverre.com\/site\/wp-content\/uploads\/2015\/03\/SpecialVerre-Preview-8.jpg\" alt=\"SpecialVerre-Preview-8\" width=\"1280\" height=\"720\" \/><\/a> <a href=\"http:\/\/www.specialverre.com\/site\/wp-content\/uploads\/2015\/03\/SpecialVerre-Preview-1.jpg\"><img decoding=\"async\" class=\"alignnone size-full wp-image-25\" src=\"http:\/\/www.specialverre.com\/site\/wp-content\/uploads\/2015\/03\/SpecialVerre-Preview-1.jpg\" alt=\"SpecialVerre-Preview-1\" width=\"1280\" height=\"853\" \/><\/a> <a href=\"http:\/\/www.specialverre.com\/site\/wp-content\/uploads\/2015\/03\/SpecialVerre-Preview-9.jpg\"><img loading=\"lazy\" decoding=\"async\" class=\"alignnone size-full wp-image-23\" src=\"http:\/\/www.specialverre.com\/site\/wp-content\/uploads\/2015\/03\/SpecialVerre-Preview-9.jpg\" alt=\"SpecialVerre-Preview-9\" width=\"1280\" height=\"853\" \/><\/a> <a href=\"http:\/\/www.specialverre.com\/site\/wp-content\/uploads\/2015\/03\/SpecialVerre-Preview-141.jpg\"><img loading=\"lazy\" decoding=\"async\" class=\"alignnone size-full wp-image-21\" src=\"http:\/\/www.specialverre.com\/site\/wp-content\/uploads\/2015\/03\/SpecialVerre-Preview-141.jpg\" alt=\"SpecialVerre-Preview-14\" width=\"1280\" height=\"853\" \/><\/a> <a href=\"http:\/\/www.specialverre.com\/site\/wp-content\/uploads\/2015\/03\/SpecialVerre-Preview-3.jpg\"><img loading=\"lazy\" decoding=\"async\" class=\"alignnone size-full wp-image-19\" src=\"http:\/\/www.specialverre.com\/site\/wp-content\/uploads\/2015\/03\/SpecialVerre-Preview-3.jpg\" alt=\"SpecialVerre-Preview-3\" width=\"1280\" height=\"853\" \/><\/a> <a href=\"http:\/\/www.specialverre.com\/site\/wp-content\/uploads\/2015\/03\/SpecialVerre-Preview-13.jpg\"><img loading=\"lazy\" decoding=\"async\" class=\"alignnone size-full wp-image-18\" src=\"http:\/\/www.specialverre.com\/site\/wp-content\/uploads\/2015\/03\/SpecialVerre-Preview-13.jpg\" alt=\"SpecialVerre-Preview-13\" width=\"1280\" height=\"853\" \/><\/a> <a href=\"http:\/\/www.specialverre.com\/site\/wp-content\/uploads\/2015\/03\/SpecialVerre-Preview-11.jpg\"><img loading=\"lazy\" decoding=\"async\" class=\"alignnone size-full wp-image-17\" src=\"http:\/\/www.specialverre.com\/site\/wp-content\/uploads\/2015\/03\/SpecialVerre-Preview-11.jpg\" alt=\"SpecialVerre-Preview-11\" width=\"1280\" height=\"853\" \/><\/a> <a href=\"http:\/\/www.specialverre.com\/site\/wp-content\/uploads\/2015\/03\/SpecialVerre-Preview-12.jpg\"><img loading=\"lazy\" decoding=\"async\" class=\"alignnone size-full wp-image-16\" src=\"http:\/\/www.specialverre.com\/site\/wp-content\/uploads\/2015\/03\/SpecialVerre-Preview-12.jpg\" alt=\"SpecialVerre-Preview-12\" width=\"1280\" height=\"853\" \/><\/a> <a href=\"http:\/\/www.specialverre.com\/site\/wp-content\/uploads\/2015\/03\/SpecialVerre-Preview-41.jpg\"><img loading=\"lazy\" decoding=\"async\" class=\"alignnone size-full wp-image-15\" src=\"http:\/\/www.specialverre.com\/site\/wp-content\/uploads\/2015\/03\/SpecialVerre-Preview-41.jpg\" alt=\"SpecialVerre-Preview-4\" width=\"1280\" height=\"853\" \/><\/a> <a href=\"http:\/\/www.specialverre.com\/site\/wp-content\/uploads\/2015\/03\/SpecialVerre-Preview-5.jpg\"><img loading=\"lazy\" decoding=\"async\" class=\"alignnone size-full wp-image-14\" src=\"http:\/\/www.specialverre.com\/site\/wp-content\/uploads\/2015\/03\/SpecialVerre-Preview-5.jpg\" alt=\"SpecialVerre-Preview-5\" width=\"1280\" height=\"853\" \/><\/a><a href=\"http:\/\/www.specialverre.com\/site\/wp-content\/uploads\/2015\/03\/SpecialVerre-Preview-10.jpg\"><img loading=\"lazy\" decoding=\"async\" class=\"wp-image-20 size-full alignnone\" src=\"http:\/\/www.specialverre.com\/site\/wp-content\/uploads\/2015\/03\/SpecialVerre-Preview-10.jpg\" alt=\"SpecialVerre-Preview-10\" width=\"1280\" height=\"853\" \/><\/a><\/p>\n","protected":false},"excerpt":{"rendered":"<p>D\u00e9couvrez les photos de notre atelier de soufflage de verre.<\/p>\n","protected":false},"author":1,"featured_media":0,"parent":0,"menu_order":0,"comment_status":"closed","ping_status":"open","template":"","meta":{"footnotes":""},"class_list":["post-38","page","type-page","status-publish","hentry"],"yoast_head":"<!-- This site is optimized with the Yoast SEO plugin v24.3 - https:\/\/yoast.com\/wordpress\/plugins\/seo\/ -->\n<title>Galerie photos soufflage de verre - Sp\u00e9cial Verre<\/title>\n<meta name=\"description\" content=\"Photos de soufflage de verre prises dans l&#039;atelier de Special Verre \u00e0 Geispolsheim, \u00e0 c\u00f4t\u00e9 de Strasbourg.\" \/>\n<meta name=\"robots\" content=\"index, follow, max-snippet:-1, max-image-preview:large, max-video-preview:-1\" \/>\n<link rel=\"canonical\" href=\"https:\/\/www.specialverre.com\/site\/photos-soufflage-verre\/\" \/>\n<meta property=\"og:locale\" content=\"fr_FR\" \/>\n<meta property=\"og:type\" content=\"article\" \/>\n<meta property=\"og:title\" content=\"Galerie photos soufflage de verre - Sp\u00e9cial Verre\" \/>\n<meta property=\"og:description\" content=\"Photos de soufflage de verre prises dans l&#039;atelier de Special Verre \u00e0 Geispolsheim, \u00e0 c\u00f4t\u00e9 de Strasbourg.\" \/>\n<meta property=\"og:url\" content=\"https:\/\/www.specialverre.com\/site\/photos-soufflage-verre\/\" \/>\n<meta property=\"og:site_name\" content=\"Sp\u00e9cial Verre\" \/>\n<meta property=\"article:modified_time\" content=\"2016-07-19T14:45:20+00:00\" \/>\n<meta property=\"og:image\" content=\"http:\/\/www.specialverre.com\/site\/wp-content\/uploads\/2015\/03\/SpecialVerre-Preview-2.jpg\" \/>\n<meta name=\"twitter:card\" content=\"summary_large_image\" \/>\n<script type=\"application\/ld+json\" class=\"yoast-schema-graph\">{\"@context\":\"https:\/\/schema.org\",\"@graph\":[{\"@type\":\"WebPage\",\"@id\":\"https:\/\/www.specialverre.com\/site\/photos-soufflage-verre\/\",\"url\":\"https:\/\/www.specialverre.com\/site\/photos-soufflage-verre\/\",\"name\":\"Galerie photos soufflage de verre - Sp\u00e9cial Verre\",\"isPartOf\":{\"@id\":\"https:\/\/www.specialverre.com\/site\/#website\"},\"primaryImageOfPage\":{\"@id\":\"https:\/\/www.specialverre.com\/site\/photos-soufflage-verre\/#primaryimage\"},\"image\":{\"@id\":\"https:\/\/www.specialverre.com\/site\/photos-soufflage-verre\/#primaryimage\"},\"thumbnailUrl\":\"http:\/\/www.specialverre.com\/site\/wp-content\/uploads\/2015\/03\/SpecialVerre-Preview-2.jpg\",\"datePublished\":\"2015-03-19T15:53:20+00:00\",\"dateModified\":\"2016-07-19T14:45:20+00:00\",\"description\":\"Photos de soufflage de verre prises dans l'atelier de Special Verre \u00e0 Geispolsheim, \u00e0 c\u00f4t\u00e9 de Strasbourg.\",\"breadcrumb\":{\"@id\":\"https:\/\/www.specialverre.com\/site\/photos-soufflage-verre\/#breadcrumb\"},\"inLanguage\":\"fr-FR\",\"potentialAction\":[{\"@type\":\"ReadAction\",\"target\":[\"https:\/\/www.specialverre.com\/site\/photos-soufflage-verre\/\"]}]},{\"@type\":\"ImageObject\",\"inLanguage\":\"fr-FR\",\"@id\":\"https:\/\/www.specialverre.com\/site\/photos-soufflage-verre\/#primaryimage\",\"url\":\"\",\"contentUrl\":\"\"},{\"@type\":\"BreadcrumbList\",\"@id\":\"https:\/\/www.specialverre.com\/site\/photos-soufflage-verre\/#breadcrumb\",\"itemListElement\":[{\"@type\":\"ListItem\",\"position\":1,\"name\":\"Accueil\",\"item\":\"https:\/\/www.specialverre.com\/site\/\"},{\"@type\":\"ListItem\",\"position\":2,\"name\":\"Galerie photos soufflage de verre\"}]},{\"@type\":\"WebSite\",\"@id\":\"https:\/\/www.specialverre.com\/site\/#website\",\"url\":\"https:\/\/www.specialverre.com\/site\/\",\"name\":\"Sp\u00e9cial Verre\",\"description\":\"Atelier de soufflage de verre\",\"potentialAction\":[{\"@type\":\"SearchAction\",\"target\":{\"@type\":\"EntryPoint\",\"urlTemplate\":\"https:\/\/www.specialverre.com\/site\/?s={search_term_string}\"},\"query-input\":{\"@type\":\"PropertyValueSpecification\",\"valueRequired\":true,\"valueName\":\"search_term_string\"}}],\"inLanguage\":\"fr-FR\"}]}<\/script>\n<!-- \/ Yoast SEO plugin. -->","yoast_head_json":{"title":"Galerie photos soufflage de verre - Sp\u00e9cial Verre","description":"Photos de soufflage de verre prises dans l'atelier de Special Verre \u00e0 Geispolsheim, \u00e0 c\u00f4t\u00e9 de Strasbourg.","robots":{"index":"index","follow":"follow","max-snippet":"max-snippet:-1","max-image-preview":"max-image-preview:large","max-video-preview":"max-video-preview:-1"},"canonical":"https:\/\/www.specialverre.com\/site\/photos-soufflage-verre\/","og_locale":"fr_FR","og_type":"article","og_title":"Galerie photos soufflage de verre - Sp\u00e9cial Verre","og_description":"Photos de soufflage de verre prises dans l'atelier de Special Verre \u00e0 Geispolsheim, \u00e0 c\u00f4t\u00e9 de Strasbourg.","og_url":"https:\/\/www.specialverre.com\/site\/photos-soufflage-verre\/","og_site_name":"Sp\u00e9cial Verre","article_modified_time":"2016-07-19T14:45:20+00:00","og_image":[{"url":"http:\/\/www.specialverre.com\/site\/wp-content\/uploads\/2015\/03\/SpecialVerre-Preview-2.jpg","type":"","width":"","height":""}],"twitter_card":"summary_large_image","schema":{"@context":"https:\/\/schema.org","@graph":[{"@type":"WebPage","@id":"https:\/\/www.specialverre.com\/site\/photos-soufflage-verre\/","url":"https:\/\/www.specialverre.com\/site\/photos-soufflage-verre\/","name":"Galerie photos soufflage de verre - Sp\u00e9cial Verre","isPartOf":{"@id":"https:\/\/www.specialverre.com\/site\/#website"},"primaryImageOfPage":{"@id":"https:\/\/www.specialverre.com\/site\/photos-soufflage-verre\/#primaryimage"},"image":{"@id":"https:\/\/www.specialverre.com\/site\/photos-soufflage-verre\/#primaryimage"},"thumbnailUrl":"http:\/\/www.specialverre.com\/site\/wp-content\/uploads\/2015\/03\/SpecialVerre-Preview-2.jpg","datePublished":"2015-03-19T15:53:20+00:00","dateModified":"2016-07-19T14:45:20+00:00","description":"Photos de soufflage de verre prises dans l'atelier de Special Verre \u00e0 Geispolsheim, \u00e0 c\u00f4t\u00e9 de Strasbourg.","breadcrumb":{"@id":"https:\/\/www.specialverre.com\/site\/photos-soufflage-verre\/#breadcrumb"},"inLanguage":"fr-FR","potentialAction":[{"@type":"ReadAction","target":["https:\/\/www.specialverre.com\/site\/photos-soufflage-verre\/"]}]},{"@type":"ImageObject","inLanguage":"fr-FR","@id":"https:\/\/www.specialverre.com\/site\/photos-soufflage-verre\/#primaryimage","url":"","contentUrl":""},{"@type":"BreadcrumbList","@id":"https:\/\/www.specialverre.com\/site\/photos-soufflage-verre\/#breadcrumb","itemListElement":[{"@type":"ListItem","position":1,"name":"Accueil","item":"https:\/\/www.specialverre.com\/site\/"},{"@type":"ListItem","position":2,"name":"Galerie photos soufflage de verre"}]},{"@type":"WebSite","@id":"https:\/\/www.specialverre.com\/site\/#website","url":"https:\/\/www.specialverre.com\/site\/","name":"Sp\u00e9cial Verre","description":"Atelier de soufflage de verre","potentialAction":[{"@type":"SearchAction","target":{"@type":"EntryPoint","urlTemplate":"https:\/\/www.specialverre.com\/site\/?s={search_term_string}"},"query-input":{"@type":"PropertyValueSpecification","valueRequired":true,"valueName":"search_term_string"}}],"inLanguage":"fr-FR"}]}},"_links":{"self":[{"href":"https:\/\/www.specialverre.com\/site\/wp-json\/wp\/v2\/pages\/38","targetHints":{"allow":["GET"]}}],"collection":[{"href":"https:\/\/www.specialverre.com\/site\/wp-json\/wp\/v2\/pages"}],"about":[{"href":"https:\/\/www.specialverre.com\/site\/wp-json\/wp\/v2\/types\/page"}],"author":[{"embeddable":true,"href":"https:\/\/www.specialverre.com\/site\/wp-json\/wp\/v2\/users\/1"}],"replies":[{"embeddable":true,"href":"https:\/\/www.specialverre.com\/site\/wp-json\/wp\/v2\/comments?post=38"}],"version-history":[{"count":6,"href":"https:\/\/www.specialverre.com\/site\/wp-json\/wp\/v2\/pages\/38\/revisions"}],"predecessor-version":[{"id":191,"href":"https:\/\/www.specialverre.com\/site\/wp-json\/wp\/v2\/pages\/38\/revisions\/191"}],"wp:attachment":[{"href":"https:\/\/www.specialverre.com\/site\/wp-json\/wp\/v2\/media?parent=38"}],"curies":[{"name":"wp","href":"https:\/\/api.w.org\/{rel}","templated":true}]}}