{"id":35,"date":"2015-03-19T16:42:02","date_gmt":"2015-03-19T15:42:02","guid":{"rendered":"http:\/\/www.specialverre.com\/site\/?page_id=35"},"modified":"2018-11-20T15:40:57","modified_gmt":"2018-11-20T14:40:57","slug":"presentation-entreprise","status":"publish","type":"page","link":"https:\/\/www.specialverre.com\/site\/presentation-entreprise\/","title":{"rendered":"Pr\u00e9sentation de l&rsquo;entreprise"},"content":{"rendered":"<p>Fond\u00e9e en 1973 et situ\u00e9e initialement\u00a0dans le quartier de la\u00a0Krutenau \u00e0 Strasbourg, SPECIAL VERRE est la concr\u00e9tisation d\u2019un projet familial et l\u2019illustration d\u2019une r\u00e9ussite gr\u00e2ce au savoir-faire de M. Auguste RICHERT, un des fondateurs principaux de l\u2019entreprise avec son \u00e9pouse.<\/p>\n<p>M.RICHERT a su transmettre sa passion du soufflage de verre \u00e0 son fils, Daniel RICHERT qui est, aujourd\u2019hui, \u00e0 la t\u00eate de l&rsquo;entreprise.<\/p>\n<p>Daniel RICHERT peut s\u2019appuyer sur une \u00e9quipe et notamment sur St\u00e9phane KRAUTH, Souffleur de verre form\u00e9 dans l\u2019entreprise\u00a0ainsi que\u00a0Laurence RICHERT pour la partie administrative et comptable.<\/p>\n<p>Soucieux de transmettre leur m\u00e9tier, ils forment \u00e0 leur tour des apprentis. L&rsquo;\u00e9quipe compte un nouveau souffleur de verre, Romain MASSON.<\/p>\n<p>&nbsp;<\/p>\n","protected":false},"excerpt":{"rendered":"<p>Fond\u00e9e en 1973 et situ\u00e9e initialement\u00a0dans le quartier de la\u00a0Krutenau \u00e0 Strasbourg, SPECIAL VERRE est la concr\u00e9tisation d\u2019un projet familial et l\u2019illustration d\u2019une r\u00e9ussite gr\u00e2ce au savoir-faire de M. Auguste RICHERT, un des fondateurs principaux de l\u2019entreprise avec son \u00e9pouse. M.RICHERT a su transmettre sa passion du soufflage de verre \u00e0 son fils, Daniel RICHERT [&hellip;]<\/p>\n","protected":false},"author":1,"featured_media":0,"parent":0,"menu_order":0,"comment_status":"closed","ping_status":"open","template":"","meta":{"footnotes":""},"class_list":["post-35","page","type-page","status-publish","hentry"],"yoast_head":"<!-- This site is optimized with the Yoast SEO plugin v24.3 - https:\/\/yoast.com\/wordpress\/plugins\/seo\/ -->\n<title>Pr\u00e9sentation de l&#039;entreprise - Sp\u00e9cial Verre<\/title>\n<meta name=\"robots\" content=\"index, follow, max-snippet:-1, max-image-preview:large, max-video-preview:-1\" \/>\n<link rel=\"canonical\" href=\"https:\/\/www.specialverre.com\/site\/presentation-entreprise\/\" \/>\n<meta property=\"og:locale\" content=\"fr_FR\" \/>\n<meta property=\"og:type\" content=\"article\" \/>\n<meta property=\"og:title\" content=\"Pr\u00e9sentation de l&#039;entreprise - Sp\u00e9cial Verre\" \/>\n<meta property=\"og:description\" content=\"Fond\u00e9e en 1973 et situ\u00e9e initialement\u00a0dans le quartier de la\u00a0Krutenau \u00e0 Strasbourg, SPECIAL VERRE est la concr\u00e9tisation d\u2019un projet familial et l\u2019illustration d\u2019une r\u00e9ussite gr\u00e2ce au savoir-faire de M. Auguste RICHERT, un des fondateurs principaux de l\u2019entreprise avec son \u00e9pouse. M.RICHERT a su transmettre sa passion du soufflage de verre \u00e0 son fils, Daniel RICHERT [&hellip;]\" \/>\n<meta property=\"og:url\" content=\"https:\/\/www.specialverre.com\/site\/presentation-entreprise\/\" \/>\n<meta property=\"og:site_name\" content=\"Sp\u00e9cial Verre\" \/>\n<meta property=\"article:modified_time\" content=\"2018-11-20T14:40:57+00:00\" \/>\n<meta name=\"twitter:card\" content=\"summary_large_image\" \/>\n<meta name=\"twitter:label1\" content=\"Dur\u00e9e de lecture estim\u00e9e\" \/>\n\t<meta name=\"twitter:data1\" content=\"1 minute\" \/>\n<script type=\"application\/ld+json\" class=\"yoast-schema-graph\">{\"@context\":\"https:\/\/schema.org\",\"@graph\":[{\"@type\":\"WebPage\",\"@id\":\"https:\/\/www.specialverre.com\/site\/presentation-entreprise\/\",\"url\":\"https:\/\/www.specialverre.com\/site\/presentation-entreprise\/\",\"name\":\"Pr\u00e9sentation de l'entreprise - Sp\u00e9cial Verre\",\"isPartOf\":{\"@id\":\"https:\/\/www.specialverre.com\/site\/#website\"},\"datePublished\":\"2015-03-19T15:42:02+00:00\",\"dateModified\":\"2018-11-20T14:40:57+00:00\",\"breadcrumb\":{\"@id\":\"https:\/\/www.specialverre.com\/site\/presentation-entreprise\/#breadcrumb\"},\"inLanguage\":\"fr-FR\",\"potentialAction\":[{\"@type\":\"ReadAction\",\"target\":[\"https:\/\/www.specialverre.com\/site\/presentation-entreprise\/\"]}]},{\"@type\":\"BreadcrumbList\",\"@id\":\"https:\/\/www.specialverre.com\/site\/presentation-entreprise\/#breadcrumb\",\"itemListElement\":[{\"@type\":\"ListItem\",\"position\":1,\"name\":\"Accueil\",\"item\":\"https:\/\/www.specialverre.com\/site\/\"},{\"@type\":\"ListItem\",\"position\":2,\"name\":\"Pr\u00e9sentation de l&rsquo;entreprise\"}]},{\"@type\":\"WebSite\",\"@id\":\"https:\/\/www.specialverre.com\/site\/#website\",\"url\":\"https:\/\/www.specialverre.com\/site\/\",\"name\":\"Sp\u00e9cial Verre\",\"description\":\"Atelier de soufflage de verre\",\"potentialAction\":[{\"@type\":\"SearchAction\",\"target\":{\"@type\":\"EntryPoint\",\"urlTemplate\":\"https:\/\/www.specialverre.com\/site\/?s={search_term_string}\"},\"query-input\":{\"@type\":\"PropertyValueSpecification\",\"valueRequired\":true,\"valueName\":\"search_term_string\"}}],\"inLanguage\":\"fr-FR\"}]}<\/script>\n<!-- \/ Yoast SEO plugin. -->","yoast_head_json":{"title":"Pr\u00e9sentation de l'entreprise - Sp\u00e9cial Verre","robots":{"index":"index","follow":"follow","max-snippet":"max-snippet:-1","max-image-preview":"max-image-preview:large","max-video-preview":"max-video-preview:-1"},"canonical":"https:\/\/www.specialverre.com\/site\/presentation-entreprise\/","og_locale":"fr_FR","og_type":"article","og_title":"Pr\u00e9sentation de l'entreprise - Sp\u00e9cial Verre","og_description":"Fond\u00e9e en 1973 et situ\u00e9e initialement\u00a0dans le quartier de la\u00a0Krutenau \u00e0 Strasbourg, SPECIAL VERRE est la concr\u00e9tisation d\u2019un projet familial et l\u2019illustration d\u2019une r\u00e9ussite gr\u00e2ce au savoir-faire de M. Auguste RICHERT, un des fondateurs principaux de l\u2019entreprise avec son \u00e9pouse. M.RICHERT a su transmettre sa passion du soufflage de verre \u00e0 son fils, Daniel RICHERT [&hellip;]","og_url":"https:\/\/www.specialverre.com\/site\/presentation-entreprise\/","og_site_name":"Sp\u00e9cial Verre","article_modified_time":"2018-11-20T14:40:57+00:00","twitter_card":"summary_large_image","twitter_misc":{"Dur\u00e9e de lecture estim\u00e9e":"1 minute"},"schema":{"@context":"https:\/\/schema.org","@graph":[{"@type":"WebPage","@id":"https:\/\/www.specialverre.com\/site\/presentation-entreprise\/","url":"https:\/\/www.specialverre.com\/site\/presentation-entreprise\/","name":"Pr\u00e9sentation de l'entreprise - Sp\u00e9cial Verre","isPartOf":{"@id":"https:\/\/www.specialverre.com\/site\/#website"},"datePublished":"2015-03-19T15:42:02+00:00","dateModified":"2018-11-20T14:40:57+00:00","breadcrumb":{"@id":"https:\/\/www.specialverre.com\/site\/presentation-entreprise\/#breadcrumb"},"inLanguage":"fr-FR","potentialAction":[{"@type":"ReadAction","target":["https:\/\/www.specialverre.com\/site\/presentation-entreprise\/"]}]},{"@type":"BreadcrumbList","@id":"https:\/\/www.specialverre.com\/site\/presentation-entreprise\/#breadcrumb","itemListElement":[{"@type":"ListItem","position":1,"name":"Accueil","item":"https:\/\/www.specialverre.com\/site\/"},{"@type":"ListItem","position":2,"name":"Pr\u00e9sentation de l&rsquo;entreprise"}]},{"@type":"WebSite","@id":"https:\/\/www.specialverre.com\/site\/#website","url":"https:\/\/www.specialverre.com\/site\/","name":"Sp\u00e9cial Verre","description":"Atelier de soufflage de verre","potentialAction":[{"@type":"SearchAction","target":{"@type":"EntryPoint","urlTemplate":"https:\/\/www.specialverre.com\/site\/?s={search_term_string}"},"query-input":{"@type":"PropertyValueSpecification","valueRequired":true,"valueName":"search_term_string"}}],"inLanguage":"fr-FR"}]}},"_links":{"self":[{"href":"https:\/\/www.specialverre.com\/site\/wp-json\/wp\/v2\/pages\/35","targetHints":{"allow":["GET"]}}],"collection":[{"href":"https:\/\/www.specialverre.com\/site\/wp-json\/wp\/v2\/pages"}],"about":[{"href":"https:\/\/www.specialverre.com\/site\/wp-json\/wp\/v2\/types\/page"}],"author":[{"embeddable":true,"href":"https:\/\/www.specialverre.com\/site\/wp-json\/wp\/v2\/users\/1"}],"replies":[{"embeddable":true,"href":"https:\/\/www.specialverre.com\/site\/wp-json\/wp\/v2\/comments?post=35"}],"version-history":[{"count":3,"href":"https:\/\/www.specialverre.com\/site\/wp-json\/wp\/v2\/pages\/35\/revisions"}],"predecessor-version":[{"id":262,"href":"https:\/\/www.specialverre.com\/site\/wp-json\/wp\/v2\/pages\/35\/revisions\/262"}],"wp:attachment":[{"href":"https:\/\/www.specialverre.com\/site\/wp-json\/wp\/v2\/media?parent=35"}],"curies":[{"name":"wp","href":"https:\/\/api.w.org\/{rel}","templated":true}]}}